{"id":133,"date":"2021-04-12T03:43:49","date_gmt":"2021-04-12T00:43:49","guid":{"rendered":"https:\/\/whm48.louhi.net\/~kulttuur\/?page_id=133"},"modified":"2023-03-31T18:09:04","modified_gmt":"2023-03-31T15:09:04","slug":"jaseneksi","status":"publish","type":"page","link":"https:\/\/kulttuurikiihdyttamo.fi\/en\/jaseneksi\/","title":{"rendered":"J\u00e4senyys"},"content":{"rendered":"<div data-elementor-type=\"wp-page\" data-elementor-id=\"133\" class=\"elementor elementor-133\">\n\t\t\t\t\t\t<section class=\"elementor-section elementor-top-section elementor-element elementor-element-3377fbe elementor-section-boxed elementor-section-height-default elementor-section-height-default\" data-id=\"3377fbe\" data-element_type=\"section\" data-e-type=\"section\" data-settings=\"{&quot;background_background&quot;:&quot;classic&quot;}\">\n\t\t\t\t\t\t<div class=\"elementor-container elementor-column-gap-default\">\n\t\t\t\t\t<div class=\"elementor-column elementor-col-100 elementor-top-column elementor-element elementor-element-9dc7417\" data-id=\"9dc7417\" data-element_type=\"column\" data-e-type=\"column\">\n\t\t\t<div class=\"elementor-widget-wrap elementor-element-populated\">\n\t\t\t\t\t\t<div class=\"elementor-element elementor-element-6c1d778 elementor-widget elementor-widget-heading\" data-id=\"6c1d778\" data-element_type=\"widget\" data-e-type=\"widget\" data-widget_type=\"heading.default\">\n\t\t\t\t<div class=\"elementor-widget-container\">\n\t\t\t\t\t<h2 class=\"elementor-heading-title elementor-size-default\">Haluatko j\u00e4seneksi?<\/h2>\t\t\t\t<\/div>\n\t\t\t\t<\/div>\n\t\t\t\t<section class=\"elementor-section elementor-inner-section elementor-element elementor-element-241d83f elementor-section-boxed elementor-section-height-default elementor-section-height-default\" data-id=\"241d83f\" data-element_type=\"section\" data-e-type=\"section\">\n\t\t\t\t\t\t<div class=\"elementor-container elementor-column-gap-default\">\n\t\t\t\t\t<div class=\"elementor-column elementor-col-100 elementor-inner-column elementor-element elementor-element-b9f4885\" data-id=\"b9f4885\" data-element_type=\"column\" data-e-type=\"column\">\n\t\t\t<div class=\"elementor-widget-wrap elementor-element-populated\">\n\t\t\t\t\t\t<div class=\"elementor-element elementor-element-bfba4d8 elementor-widget elementor-widget-text-editor\" data-id=\"bfba4d8\" data-element_type=\"widget\" data-e-type=\"widget\" data-widget_type=\"text-editor.default\">\n\t\t\t\t<div class=\"elementor-widget-container\">\n\t\t\t\t\t\t\t\t\t<p>Oletko kiinnostunut liittym\u00e4\u00e4n yhdistyksen j\u00e4seneksi? T\u00e4yt\u00e4 j\u00e4senhakemus!<\/p><p>Yhdistyksen hallitus hyv\u00e4ksyy varsinaiset j\u00e4senet ja kannatusj\u00e4senet hakemuksen perusteella.<\/p><p>J\u00e4senmaksu on voimassa sin\u00e4 tilikautena, kun se on maksettu. Tutustu ennen j\u00e4seneksi liittymist\u00e4 yhdistyksen <a href=\"https:\/\/kulttuurikiihdyttamo.fi\/en\/saannot\/\">s\u00e4\u00e4nt\u00f6ihin<\/a> ja <a href=\"https:\/\/kulttuurikiihdyttamo.fi\/en\/tietosuojaseloste\/\">tietosuojaselosteeseen<\/a>.<\/p>\t\t\t\t\t\t\t\t<\/div>\n\t\t\t\t<\/div>\n\t\t\t\t\t<\/div>\n\t\t<\/div>\n\t\t\t\t\t<\/div>\n\t\t<\/section>\n\t\t\t\t<section class=\"elementor-section elementor-inner-section elementor-element elementor-element-fded456 elementor-section-boxed elementor-section-height-default elementor-section-height-default\" data-id=\"fded456\" data-element_type=\"section\" data-e-type=\"section\">\n\t\t\t\t\t\t<div class=\"elementor-container elementor-column-gap-default\">\n\t\t\t\t\t<div class=\"elementor-column elementor-col-100 elementor-inner-column elementor-element elementor-element-034278e\" data-id=\"034278e\" data-element_type=\"column\" data-e-type=\"column\">\n\t\t\t<div class=\"elementor-widget-wrap elementor-element-populated\">\n\t\t\t\t\t\t<div class=\"elementor-element elementor-element-0c0ec37 elementor-widget elementor-widget-shortcode\" data-id=\"0c0ec37\" data-element_type=\"widget\" data-e-type=\"widget\" data-widget_type=\"shortcode.default\">\n\t\t\t\t<div class=\"elementor-widget-container\">\n\t\t\t\t\t\t\t<div class=\"elementor-shortcode\"><iframe src=\"https:\/\/docs.google.com\/forms\/d\/e\/1FAIpQLSdEs0pNJhrucVO19MytWccj93nHM7eJlD4GD-kC35LNvluPbw\/viewform?embedded=true\" width=\"640\" height=\"3000px\" frameborder=\"0\" marginheight=\"0\" marginwidth=\"0\">Ladataan\u2026<\/iframe><\/div>\n\t\t\t\t\t\t<\/div>\n\t\t\t\t<\/div>\n\t\t\t\t\t<\/div>\n\t\t<\/div>\n\t\t\t\t\t<\/div>\n\t\t<\/section>\n\t\t\t\t\t<\/div>\n\t\t<\/div>\n\t\t\t\t\t<\/div>\n\t\t<\/section>\n\t\t\t\t<\/div>","protected":false},"excerpt":{"rendered":"<p>Haluatko j\u00e4seneksi? Oletko kiinnostunut liittym\u00e4\u00e4n yhdistyksen j\u00e4seneksi? T\u00e4yt\u00e4 j\u00e4senhakemus! Yhdistyksen hallitus hyv\u00e4ksyy varsinaiset j\u00e4senet ja kannatusj\u00e4senet hakemuksen perusteella. J\u00e4senmaksu on voimassa sin\u00e4 tilikautena, kun se on maksettu. Tutustu ennen j\u00e4seneksi liittymist\u00e4 yhdistyksen s\u00e4\u00e4nt\u00f6ihin ja tietosuojaselosteeseen. Ladataan\u2026<\/p>","protected":false},"author":2,"featured_media":0,"parent":0,"menu_order":0,"comment_status":"closed","ping_status":"closed","template":"","meta":{"_monsterinsights_skip_tracking":false,"_monsterinsights_sitenote_active":false,"_monsterinsights_sitenote_note":"","_monsterinsights_sitenote_category":0,"footnotes":""},"class_list":["post-133","page","type-page","status-publish","hentry"],"aioseo_notices":[],"_links":{"self":[{"href":"https:\/\/kulttuurikiihdyttamo.fi\/en\/wp-json\/wp\/v2\/pages\/133","targetHints":{"allow":["GET"]}}],"collection":[{"href":"https:\/\/kulttuurikiihdyttamo.fi\/en\/wp-json\/wp\/v2\/pages"}],"about":[{"href":"https:\/\/kulttuurikiihdyttamo.fi\/en\/wp-json\/wp\/v2\/types\/page"}],"author":[{"embeddable":true,"href":"https:\/\/kulttuurikiihdyttamo.fi\/en\/wp-json\/wp\/v2\/users\/2"}],"replies":[{"embeddable":true,"href":"https:\/\/kulttuurikiihdyttamo.fi\/en\/wp-json\/wp\/v2\/comments?post=133"}],"version-history":[{"count":7,"href":"https:\/\/kulttuurikiihdyttamo.fi\/en\/wp-json\/wp\/v2\/pages\/133\/revisions"}],"predecessor-version":[{"id":622,"href":"https:\/\/kulttuurikiihdyttamo.fi\/en\/wp-json\/wp\/v2\/pages\/133\/revisions\/622"}],"wp:attachment":[{"href":"https:\/\/kulttuurikiihdyttamo.fi\/en\/wp-json\/wp\/v2\/media?parent=133"}],"curies":[{"name":"wp","href":"https:\/\/api.w.org\/{rel}","templated":true}]}}